{"id":3096,"date":"2025-02-27T11:49:58","date_gmt":"2025-02-27T04:49:58","guid":{"rendered":"https:\/\/2amorganic.com\/?page_id=3096"},"modified":"2025-02-27T11:49:58","modified_gmt":"2025-02-27T04:49:58","slug":"chinh-sach-doi-tra","status":"publish","type":"page","link":"https:\/\/www.2amorganic.com\/en\/chinh-sach-doi-tra\/","title":{"rendered":"CH\u00cdNH S\u00c1CH \u0110\u1ed4I TR\u1ea2"},"content":{"rendered":"<h1 data-pm-slice=\"0 0 []\">CH\u00cdNH S\u00c1CH \u0110\u1ed4I TR\u1ea2<\/h1>\n<h2>1. \u0110I\u1ec0U KI\u1ec6N \u0110\u1ed4I TR\u1ea2<\/h2>\n<p>Ch\u00fang t\u00f4i cam k\u1ebft mang \u0111\u1ebfn s\u1ea3n ph\u1ea9m ch\u1ea5t l\u01b0\u1ee3ng v\u00e0 s\u1ef1 h\u00e0i l\u00f2ng cao nh\u1ea5t cho kh\u00e1ch h\u00e0ng. Qu\u00fd kh\u00e1ch c\u00f3 th\u1ec3 y\u00eau c\u1ea7u \u0111\u1ed5i ho\u1eb7c tr\u1ea3 s\u1ea3n ph\u1ea9m n\u1ebfu \u0111\u00e1p \u1ee9ng \u0111\u1ea7y \u0111\u1ee7 c\u00e1c \u0111i\u1ec1u ki\u1ec7n sau:<\/p>\n<ul data-spread=\"false\">\n<li>S\u1ea3n ph\u1ea9m c\u00f2n nguy\u00ean v\u1eb9n, ch\u01b0a qua s\u1eed d\u1ee5ng v\u00e0 gi\u1eef nguy\u00ean bao b\u00ec nh\u01b0 ban \u0111\u1ea7u.<\/li>\n<li>Th\u1eddi gian y\u00eau c\u1ea7u \u0111\u1ed5i tr\u1ea3 trong v\u00f2ng <strong>7 ng\u00e0y<\/strong> k\u1ec3 t\u1eeb ng\u00e0y nh\u1eadn h\u00e0ng.<\/li>\n<li>S\u1ea3n ph\u1ea9m b\u1ecb l\u1ed7i do nh\u00e0 s\u1ea3n xu\u1ea5t, h\u01b0 h\u1ecfng trong qu\u00e1 tr\u00ecnh v\u1eadn chuy\u1ec3n ho\u1eb7c giao sai so v\u1edbi \u0111\u01a1n \u0111\u1eb7t h\u00e0ng.<\/li>\n<li>C\u00f3 \u0111\u1ea7y \u0111\u1ee7 h\u00f3a \u0111\u01a1n mua h\u00e0ng ho\u1eb7c th\u00f4ng tin x\u00e1c nh\u1eadn \u0111\u01a1n h\u00e0ng.<\/li>\n<\/ul>\n<h2>2. C\u00c1C TR\u01af\u1edcNG H\u1ee2P KH\u00d4NG \u00c1P D\u1ee4NG \u0110\u1ed4I TR\u1ea2<\/h2>\n<ul data-spread=\"false\">\n<li>S\u1ea3n ph\u1ea9m \u0111\u00e3 qua s\u1eed d\u1ee5ng, kh\u00f4ng c\u00f2n nguy\u00ean tem ni\u00eam phong, bao b\u00ec b\u1ecb r\u00e1ch ho\u1eb7c c\u00f3 d\u1ea5u hi\u1ec7u t\u00e1c \u0111\u1ed9ng t\u1eeb b\u00ean ngo\u00e0i.<\/li>\n<li>S\u1ea3n ph\u1ea9m kh\u00f4ng \u0111\u01b0\u1ee3c b\u1ea3o qu\u1ea3n \u0111\u00fang h\u01b0\u1edbng d\u1eabn, d\u1eabn \u0111\u1ebfn h\u01b0 h\u1ecfng.<\/li>\n<li>C\u00e1c s\u1ea3n ph\u1ea9m thu\u1ed9c danh m\u1ee5c <strong>kh\u00f4ng h\u1ed7 tr\u1ee3 \u0111\u1ed5i tr\u1ea3<\/strong>, bao g\u1ed3m th\u1ef1c ph\u1ea9m t\u01b0\u01a1i s\u1ed1ng, th\u1ef1c ph\u1ea9m \u0111\u00f4ng l\u1ea1nh, ho\u1eb7c c\u00e1c s\u1ea3n ph\u1ea9m c\u00f3 th\u1eddi h\u1ea1n s\u1eed d\u1ee5ng ng\u1eafn.<\/li>\n<\/ul>\n<h2>3. QUY TR\u00ccNH \u0110\u1ed4I TR\u1ea2<\/h2>\n<p>N\u1ebfu qu\u00fd kh\u00e1ch c\u00f3 nhu c\u1ea7u \u0111\u1ed5i ho\u1eb7c tr\u1ea3 s\u1ea3n ph\u1ea9m, vui l\u00f2ng th\u1ef1c hi\u1ec7n theo c\u00e1c b\u01b0\u1edbc sau:<\/p>\n<ol start=\"1\" data-spread=\"false\">\n<li><strong>Li\u00ean h\u1ec7 v\u1edbi b\u1ed9 ph\u1eadn ch\u0103m s\u00f3c kh\u00e1ch h\u00e0ng<\/strong> qua hotline ho\u1eb7c email, cung c\u1ea5p th\u00f4ng tin \u0111\u01a1n h\u00e0ng v\u00e0 l\u00fd do \u0111\u1ed5i tr\u1ea3.<\/li>\n<li><strong>G\u1eedi s\u1ea3n ph\u1ea9m v\u1ec1 kho h\u00e0ng<\/strong> theo h\u01b0\u1edbng d\u1eabn t\u1eeb nh\u00e2n vi\u00ean h\u1ed7 tr\u1ee3.<\/li>\n<li><strong>Ki\u1ec3m tra v\u00e0 x\u00e1c nh\u1eadn<\/strong>: Ch\u00fang t\u00f4i s\u1ebd ki\u1ec3m tra s\u1ea3n ph\u1ea9m trong v\u00f2ng <strong>3 &#8211; 5 ng\u00e0y l\u00e0m vi\u1ec7c<\/strong> k\u1ec3 t\u1eeb khi nh\u1eadn \u0111\u01b0\u1ee3c h\u00e0ng.<\/li>\n<li><strong>Ho\u00e0n ti\u1ec1n ho\u1eb7c g\u1eedi s\u1ea3n ph\u1ea9m thay th\u1ebf<\/strong>:\n<ul data-spread=\"false\">\n<li>N\u1ebfu \u0111\u1ed5i h\u00e0ng: Ch\u00fang t\u00f4i s\u1ebd g\u1eedi s\u1ea3n ph\u1ea9m m\u1edbi \u0111\u1ebfn qu\u00fd kh\u00e1ch ngay sau khi x\u00e1c nh\u1eadn \u0111\u1ee7 \u0111i\u1ec1u ki\u1ec7n \u0111\u1ed5i tr\u1ea3.<\/li>\n<li>N\u1ebfu tr\u1ea3 h\u00e0ng: Ti\u1ec1n ho\u00e0n s\u1ebd \u0111\u01b0\u1ee3c chuy\u1ec3n qua ph\u01b0\u01a1ng th\u1ee9c thanh to\u00e1n ban \u0111\u1ea7u trong v\u00f2ng <strong>5 &#8211; 7 ng\u00e0y l\u00e0m vi\u1ec7c<\/strong>.<\/li>\n<\/ul>\n<\/li>\n<\/ol>\n<h2>4. CHI PH\u00cd V\u1eacN CHUY\u1ec2N<\/h2>\n<ul data-spread=\"false\">\n<li>N\u1ebfu l\u1ed7i t\u1eeb ph\u00eda ch\u00fang t\u00f4i (giao nh\u1ea7m, s\u1ea3n ph\u1ea9m l\u1ed7i, h\u01b0 h\u1ecfng do v\u1eadn chuy\u1ec3n), <strong>ch\u00fang t\u00f4i s\u1ebd ch\u1ecbu to\u00e0n b\u1ed9 chi ph\u00ed \u0111\u1ed5i tr\u1ea3<\/strong>.<\/li>\n<li>N\u1ebfu \u0111\u1ed5i tr\u1ea3 do nhu c\u1ea7u c\u00e1 nh\u00e2n c\u1ee7a kh\u00e1ch h\u00e0ng, qu\u00fd kh\u00e1ch vui l\u00f2ng <strong>t\u1ef1 thanh to\u00e1n ph\u00ed v\u1eadn chuy\u1ec3n<\/strong>.<\/li>\n<\/ul>\n<p>Ch\u00fang t\u00f4i lu\u00f4n s\u1eb5n s\u00e0ng h\u1ed7 tr\u1ee3 \u0111\u1ec3 \u0111\u1ea3m b\u1ea3o tr\u1ea3i nghi\u1ec7m mua s\u1eafm t\u1ed1t nh\u1ea5t cho qu\u00fd kh\u00e1ch. N\u1ebfu c\u00f3 b\u1ea5t k\u1ef3 c\u00e2u h\u1ecfi n\u00e0o, vui l\u00f2ng li\u00ean h\u1ec7 v\u1edbi ch\u00fang t\u00f4i<\/p>\n","protected":false},"excerpt":{"rendered":"<p>CH\u00cdNH S\u00c1CH \u0110\u1ed4I TR\u1ea2 1. \u0110I\u1ec0U KI\u1ec6N \u0110\u1ed4I TR\u1ea2 Ch\u00fang t\u00f4i cam k\u1ebft mang \u0111\u1ebfn s\u1ea3n ph\u1ea9m ch\u1ea5t l\u01b0\u1ee3ng v\u00e0 s\u1ef1 h\u00e0i l\u00f2ng cao nh\u1ea5t cho kh\u00e1ch h\u00e0ng. Qu\u00fd kh\u00e1ch c\u00f3 th\u1ec3 y\u00eau c\u1ea7u \u0111\u1ed5i ho\u1eb7c tr\u1ea3 s\u1ea3n ph\u1ea9m n\u1ebfu \u0111\u00e1p \u1ee9ng \u0111\u1ea7y \u0111\u1ee7 c\u00e1c \u0111i\u1ec1u ki\u1ec7n sau: S\u1ea3n ph\u1ea9m c\u00f2n nguy\u00ean v\u1eb9n, ch\u01b0a qua&#8230;<\/p>\n","protected":false},"author":6,"featured_media":0,"parent":0,"menu_order":0,"comment_status":"closed","ping_status":"closed","template":"","meta":{"footnotes":""},"class_list":["post-3096","page","type-page","status-publish","hentry"],"acf":[],"yoast_head":"<!-- This site is optimized with the Yoast SEO Premium plugin v24.6 (Yoast SEO v19.9) - https:\/\/yoast.com\/wordpress\/plugins\/seo\/ -->\n<title>2am Organics<\/title>\n<meta name=\"robots\" content=\"noindex, follow, max-snippet:-1, max-image-preview:large, max-video-preview:-1\" \/>\n<meta property=\"og:locale\" content=\"en_US\" \/>\n<meta property=\"og:type\" content=\"article\" \/>\n<meta property=\"og:title\" content=\"2am Organics\" \/>\n<meta property=\"og:description\" content=\"CH\u00cdNH S\u00c1CH \u0110\u1ed4I TR\u1ea2 1. \u0110I\u1ec0U KI\u1ec6N \u0110\u1ed4I TR\u1ea2 Ch\u00fang t\u00f4i cam k\u1ebft mang \u0111\u1ebfn s\u1ea3n ph\u1ea9m ch\u1ea5t l\u01b0\u1ee3ng v\u00e0 s\u1ef1 h\u00e0i l\u00f2ng cao nh\u1ea5t cho kh\u00e1ch h\u00e0ng. Qu\u00fd kh\u00e1ch c\u00f3 th\u1ec3 y\u00eau c\u1ea7u \u0111\u1ed5i ho\u1eb7c tr\u1ea3 s\u1ea3n ph\u1ea9m n\u1ebfu \u0111\u00e1p \u1ee9ng \u0111\u1ea7y \u0111\u1ee7 c\u00e1c \u0111i\u1ec1u ki\u1ec7n sau: S\u1ea3n ph\u1ea9m c\u00f2n nguy\u00ean v\u1eb9n, ch\u01b0a qua...\" \/>\n<meta property=\"og:url\" content=\"https:\/\/www.2amorganic.com\/chinh-sach-doi-tra\/\" \/>\n<meta property=\"og:site_name\" content=\"2am Organics\" \/>\n<meta name=\"twitter:card\" content=\"summary_large_image\" \/>\n<meta name=\"twitter:label1\" content=\"Est. reading time\" \/>\n\t<meta name=\"twitter:data1\" content=\"3 minutes\" \/>\n<script type=\"application\/ld+json\" class=\"yoast-schema-graph\">{\"@context\":\"https:\/\/schema.org\",\"@graph\":[{\"@type\":\"WebPage\",\"@id\":\"https:\/\/www.2amorganic.com\/chinh-sach-doi-tra\/\",\"url\":\"https:\/\/www.2amorganic.com\/chinh-sach-doi-tra\/\",\"name\":\"2am Organics\",\"isPartOf\":{\"@id\":\"https:\/\/www.2amorganic.com\/#website\"},\"datePublished\":\"2025-02-27T04:49:58+00:00\",\"dateModified\":\"2025-02-27T04:49:58+00:00\",\"breadcrumb\":{\"@id\":\"https:\/\/www.2amorganic.com\/chinh-sach-doi-tra\/#breadcrumb\"},\"inLanguage\":\"en-US\",\"potentialAction\":[{\"@type\":\"ReadAction\",\"target\":[\"https:\/\/www.2amorganic.com\/chinh-sach-doi-tra\/\"]}]},{\"@type\":\"BreadcrumbList\",\"@id\":\"https:\/\/www.2amorganic.com\/chinh-sach-doi-tra\/#breadcrumb\",\"itemListElement\":[{\"@type\":\"ListItem\",\"position\":1,\"name\":\"Trang ch\u1ee7\",\"item\":\"https:\/\/www.2amorganic.com\/en\/\"},{\"@type\":\"ListItem\",\"position\":2,\"name\":\"CH\u00cdNH S\u00c1CH \u0110\u1ed4I TR\u1ea2\"}]},{\"@type\":\"WebSite\",\"@id\":\"https:\/\/www.2amorganic.com\/#website\",\"url\":\"https:\/\/www.2amorganic.com\/\",\"name\":\"2am Organics\",\"description\":\"C\u1ed9i ngu\u1ed3n t\u1eeb thi\u00ean nhi\u00ean\",\"potentialAction\":[{\"@type\":\"SearchAction\",\"target\":{\"@type\":\"EntryPoint\",\"urlTemplate\":\"https:\/\/www.2amorganic.com\/?s={search_term_string}\"},\"query-input\":\"required name=search_term_string\"}],\"inLanguage\":\"en-US\"}]}<\/script>\n<!-- \/ Yoast SEO Premium plugin. -->","yoast_head_json":{"title":"2am Organics","robots":{"index":"noindex","follow":"follow","max-snippet":"max-snippet:-1","max-image-preview":"max-image-preview:large","max-video-preview":"max-video-preview:-1"},"og_locale":"en_US","og_type":"article","og_title":"2am Organics","og_description":"CH\u00cdNH S\u00c1CH \u0110\u1ed4I TR\u1ea2 1. \u0110I\u1ec0U KI\u1ec6N \u0110\u1ed4I TR\u1ea2 Ch\u00fang t\u00f4i cam k\u1ebft mang \u0111\u1ebfn s\u1ea3n ph\u1ea9m ch\u1ea5t l\u01b0\u1ee3ng v\u00e0 s\u1ef1 h\u00e0i l\u00f2ng cao nh\u1ea5t cho kh\u00e1ch h\u00e0ng. Qu\u00fd kh\u00e1ch c\u00f3 th\u1ec3 y\u00eau c\u1ea7u \u0111\u1ed5i ho\u1eb7c tr\u1ea3 s\u1ea3n ph\u1ea9m n\u1ebfu \u0111\u00e1p \u1ee9ng \u0111\u1ea7y \u0111\u1ee7 c\u00e1c \u0111i\u1ec1u ki\u1ec7n sau: S\u1ea3n ph\u1ea9m c\u00f2n nguy\u00ean v\u1eb9n, ch\u01b0a qua...","og_url":"https:\/\/www.2amorganic.com\/chinh-sach-doi-tra\/","og_site_name":"2am Organics","twitter_card":"summary_large_image","twitter_misc":{"Est. reading time":"3 minutes"},"schema":{"@context":"https:\/\/schema.org","@graph":[{"@type":"WebPage","@id":"https:\/\/www.2amorganic.com\/chinh-sach-doi-tra\/","url":"https:\/\/www.2amorganic.com\/chinh-sach-doi-tra\/","name":"2am Organics","isPartOf":{"@id":"https:\/\/www.2amorganic.com\/#website"},"datePublished":"2025-02-27T04:49:58+00:00","dateModified":"2025-02-27T04:49:58+00:00","breadcrumb":{"@id":"https:\/\/www.2amorganic.com\/chinh-sach-doi-tra\/#breadcrumb"},"inLanguage":"en-US","potentialAction":[{"@type":"ReadAction","target":["https:\/\/www.2amorganic.com\/chinh-sach-doi-tra\/"]}]},{"@type":"BreadcrumbList","@id":"https:\/\/www.2amorganic.com\/chinh-sach-doi-tra\/#breadcrumb","itemListElement":[{"@type":"ListItem","position":1,"name":"Trang ch\u1ee7","item":"https:\/\/www.2amorganic.com\/en\/"},{"@type":"ListItem","position":2,"name":"CH\u00cdNH S\u00c1CH \u0110\u1ed4I TR\u1ea2"}]},{"@type":"WebSite","@id":"https:\/\/www.2amorganic.com\/#website","url":"https:\/\/www.2amorganic.com\/","name":"2am Organics","description":"C\u1ed9i ngu\u1ed3n t\u1eeb thi\u00ean nhi\u00ean","potentialAction":[{"@type":"SearchAction","target":{"@type":"EntryPoint","urlTemplate":"https:\/\/www.2amorganic.com\/?s={search_term_string}"},"query-input":"required name=search_term_string"}],"inLanguage":"en-US"}]}},"_links":{"self":[{"href":"https:\/\/www.2amorganic.com\/en\/wp-json\/wp\/v2\/pages\/3096","targetHints":{"allow":["GET"]}}],"collection":[{"href":"https:\/\/www.2amorganic.com\/en\/wp-json\/wp\/v2\/pages"}],"about":[{"href":"https:\/\/www.2amorganic.com\/en\/wp-json\/wp\/v2\/types\/page"}],"author":[{"embeddable":true,"href":"https:\/\/www.2amorganic.com\/en\/wp-json\/wp\/v2\/users\/6"}],"replies":[{"embeddable":true,"href":"https:\/\/www.2amorganic.com\/en\/wp-json\/wp\/v2\/comments?post=3096"}],"version-history":[{"count":1,"href":"https:\/\/www.2amorganic.com\/en\/wp-json\/wp\/v2\/pages\/3096\/revisions"}],"predecessor-version":[{"id":3097,"href":"https:\/\/www.2amorganic.com\/en\/wp-json\/wp\/v2\/pages\/3096\/revisions\/3097"}],"wp:attachment":[{"href":"https:\/\/www.2amorganic.com\/en\/wp-json\/wp\/v2\/media?parent=3096"}],"curies":[{"name":"wp","href":"https:\/\/api.w.org\/{rel}","templated":true}]}}